{"id":67,"date":"2020-10-15T06:42:40","date_gmt":"2020-10-15T06:42:40","guid":{"rendered":"http:\/\/www.teknikjant.com.tr\/?page_id=67"},"modified":"2020-10-15T13:54:47","modified_gmt":"2020-10-15T13:54:47","slug":"segmanli-jantlar","status":"publish","type":"page","link":"http:\/\/www.teknikjant.com.tr\/en_us\/segmanli-jantlar","title":{"rendered":"Lock Ring Rims"},"content":{"rendered":"<div class=\"fusion-fullwidth fullwidth-box fusion-builder-row-1 fusion-flex-container nonhundred-percent-fullwidth non-hundred-percent-height-scrolling\" style=\"background-color: rgba(255,255,255,0);background-position: center center;background-repeat: no-repeat;border-width: 0px 0px 0px 0px;border-color:#e2e2e2;border-style:solid;\" ><div class=\"fusion-builder-row fusion-row fusion-flex-align-items-flex-start\" style=\"max-width:1248px;margin-left: calc(-4% \/ 2 );margin-right: calc(-4% \/ 2 );\"><div class=\"fusion-layout-column fusion_builder_column fusion-builder-column-0 fusion_builder_column_1_1 1_1 fusion-flex-column\"><div class=\"fusion-column-wrapper fusion-flex-justify-content-flex-start fusion-content-layout-column\" style=\"background-position:left top;background-repeat:no-repeat;-webkit-background-size:cover;-moz-background-size:cover;-o-background-size:cover;background-size:cover;padding: 0px 0px 0px 0px;\"><div class=\"fusion-text fusion-text-1\"><p>Lock ring rims of 8\", 9\", 10\", 12\", 15\", 20\" with a thickness of 5, 6, 7, 8, 10, 12 mm are manufactured for forklift, industrial and service vehicles.<\/p>\n<\/div><\/div><\/div><style type=\"text\/css\">.fusion-body .fusion-builder-column-0{width:100% !important;margin-top : 0px;margin-bottom : 20px;}.fusion-builder-column-0 > .fusion-column-wrapper {padding-top : 0px !important;padding-right : 0px !important;margin-right : 1.92%;padding-bottom : 0px !important;padding-left : 0px !important;margin-left : 1.92%;}@media only screen and (max-width:1024px) {.fusion-body .fusion-builder-column-0{width:100% !important;order : 0;}.fusion-builder-column-0 > .fusion-column-wrapper {margin-right : 1.92%;margin-left : 1.92%;}}@media only screen and (max-width:640px) {.fusion-body .fusion-builder-column-0{width:100% !important;order : 0;}.fusion-builder-column-0 > .fusion-column-wrapper {margin-right : 1.92%;margin-left : 1.92%;}}<\/style><\/div><style type=\"text\/css\">.fusion-body .fusion-flex-container.fusion-builder-row-1{ padding-top : 0px;margin-top : 0px;padding-right : 0px;padding-bottom : 0px;margin-bottom : 0px;padding-left : 0px;}<\/style><\/div>\n<p><img loading=\"lazy\" decoding=\"async\" src=\"..\/..\/images\/ebat_liste_index_04.gif\" alt=\"\" width=\"2\" height=\"113\" \/><\/p>\n<table border=\"0\" width=\"400\" cellspacing=\"0\" cellpadding=\"0\">\n<tbody>\n<tr>\n<td align=\"center\">\n<table style=\"height: 1321px;\" border=\"0\" width=\"1011\" cellspacing=\"0\" cellpadding=\"0\" align=\"center\">\n<tbody>\n<tr>\n<td class=\"Metin_genel\" colspan=\"8\" align=\"left\" height=\"22\"><strong>Rim and Tyre Sizes <\/strong><\/td>\n<\/tr>\n<tr>\n<td style=\"background-color: #f2f2f2;\" colspan=\"8\" align=\"middle\">\n<div align=\"center\"><\/div>\n<\/td>\n<\/tr>\n<tr>\n<td class=\"Metin_genel\" width=\"23%\" height=\"22\"><strong>Tyre Size <\/strong><\/td>\n<td class=\"Metin_genel\" width=\"4%\" height=\"22\"><\/td>\n<td class=\"Metin_genel\" width=\"17%\" height=\"22\"><strong>Rim Size <\/strong><\/td>\n<td class=\"Metin_genel\" width=\"11%\" height=\"22\">\n<div align=\"center\">&#8211;<\/div>\n<\/td>\n<td class=\"Metin_genel\" width=\"1%\" height=\"22\"><\/td>\n<td class=\"Metin_genel\" width=\"23%\" height=\"22\"><strong>Tyre Size <\/strong><\/td>\n<td class=\"Metin_genel\" width=\"4%\" height=\"22\"><\/td>\n<td class=\"Metin_genel\" width=\"17%\"><strong>Rim Size <\/strong><\/td>\n<\/tr>\n<tr>\n<td style=\"background-color: #f2f2f2;\" colspan=\"8\" align=\"middle\">\n<div align=\"center\"><\/div>\n<\/td>\n<\/tr>\n<tr>\n<td class=\"Metin_genel\" height=\"22\">4.00 &#8211; 8<\/td>\n<td class=\"Metin_genel\" height=\"22\"><\/td>\n<td class=\"Metin_genel\" height=\"22\">2.50 X 8<\/td>\n<td class=\"Metin_genel\" height=\"22\">\n<div align=\"center\">&#8211;<\/div>\n<\/td>\n<td class=\"Metin_genel\" height=\"22\"><\/td>\n<td class=\"Metin_genel\" height=\"22\">7.00 &#8211; 15<\/td>\n<td class=\"Metin_genel\" height=\"22\"><\/td>\n<td class=\"Metin_genel\">5.50 X 15<\/td>\n<\/tr>\n<tr>\n<td style=\"background-color: #f2f2f2;\" colspan=\"8\" align=\"middle\">\n<div align=\"center\"><\/div>\n<\/td>\n<\/tr>\n<tr>\n<td class=\"Metin_genel\" height=\"22\">5.00 &#8211; 8<\/td>\n<td class=\"Metin_genel\" height=\"22\"><\/td>\n<td class=\"Metin_genel\" height=\"22\">3.00 X 8<\/td>\n<td class=\"Metin_genel\" height=\"22\">\n<div align=\"center\">&#8211;<\/div>\n<\/td>\n<td class=\"Metin_genel\" height=\"22\"><\/td>\n<td class=\"Metin_genel\" height=\"22\">7.50 &#8211; 15<\/td>\n<td class=\"Metin_genel\" height=\"22\"><\/td>\n<td class=\"Metin_genel\">6.50 X 15<\/td>\n<\/tr>\n<tr>\n<td style=\"background-color: #f2f2f2;\" colspan=\"8\" align=\"middle\">\n<div align=\"center\"><\/div>\n<\/td>\n<\/tr>\n<tr>\n<td class=\"Metin_genel\" height=\"22\">15 X 4\u00a0 1\/2 &#8211; 8<\/td>\n<td class=\"Metin_genel\" height=\"22\"><\/td>\n<td class=\"Metin_genel\" height=\"22\">3.00 X 8<\/td>\n<td class=\"Metin_genel\" height=\"22\">\n<div align=\"center\">&#8211;<\/div>\n<\/td>\n<td class=\"Metin_genel\" height=\"22\"><\/td>\n<td class=\"Metin_genel\" height=\"22\">8.25 &#8211; 15<\/td>\n<td class=\"Metin_genel\" height=\"22\"><\/td>\n<td class=\"Metin_genel\">6.50 X 15<\/td>\n<\/tr>\n<tr>\n<td style=\"background-color: #f2f2f2;\" colspan=\"8\" align=\"middle\">\n<div align=\"center\"><\/div>\n<\/td>\n<\/tr>\n<tr>\n<td class=\"Metin_genel\" height=\"22\">18 X 7-8<\/td>\n<td class=\"Metin_genel\" height=\"22\"><\/td>\n<td class=\"Metin_genel\" height=\"22\">4.33 X 8<\/td>\n<td class=\"Metin_genel\" height=\"22\">\n<div align=\"center\">&#8211;<\/div>\n<\/td>\n<td class=\"Metin_genel\" height=\"22\"><\/td>\n<td class=\"Metin_genel\" height=\"22\">28 &#8211;\u00a09 &#8211; 15<\/td>\n<td class=\"Metin_genel\" height=\"22\"><\/td>\n<td class=\"Metin_genel\">7.00 X 15<\/td>\n<\/tr>\n<tr>\n<td style=\"background-color: #f2f2f2;\" colspan=\"8\" align=\"middle\">\n<div align=\"center\"><\/div>\n<\/td>\n<\/tr>\n<tr>\n<td class=\"Metin_genel\" height=\"22\">16 X 6-8<\/td>\n<td class=\"Metin_genel\" height=\"22\"><\/td>\n<td class=\"Metin_genel\" height=\"22\">4.33 X 8<\/td>\n<td class=\"Metin_genel\" height=\"22\">\n<div align=\"center\">&#8211;<\/div>\n<\/td>\n<td class=\"Metin_genel\" height=\"22\"><\/td>\n<td class=\"Metin_genel\" height=\"22\">8.15 &#8211; 15\/2.50-15<\/td>\n<td class=\"Metin_genel\" height=\"22\"><\/td>\n<td class=\"Metin_genel\">7.00 X 15<\/td>\n<\/tr>\n<tr>\n<td style=\"background-color: #f2f2f2;\" colspan=\"8\" align=\"middle\">\n<div align=\"center\"><\/div>\n<\/td>\n<\/tr>\n<tr>\n<td class=\"Metin_genel\" height=\"22\">6.00 &#8211; 9<\/td>\n<td class=\"Metin_genel\" height=\"22\"><\/td>\n<td class=\"Metin_genel\" height=\"22\">4.00 X 9<\/td>\n<td class=\"Metin_genel\" height=\"22\">\n<div align=\"center\">&#8211;<\/div>\n<\/td>\n<td class=\"Metin_genel\" height=\"22\"><\/td>\n<td class=\"Metin_genel\" height=\"22\">3.00 &#8211; 15<\/td>\n<td class=\"Metin_genel\" height=\"22\"><\/td>\n<td class=\"Metin_genel\">8.00 X 15<\/td>\n<\/tr>\n<tr>\n<td style=\"background-color: #f2f2f2;\" colspan=\"8\" align=\"middle\">\n<div align=\"center\"><\/div>\n<\/td>\n<\/tr>\n<tr>\n<td class=\"Metin_genel\" height=\"22\">21 X 8 &#8211; 9<\/td>\n<td class=\"Metin_genel\" height=\"22\"><\/td>\n<td class=\"Metin_genel\" height=\"22\">6.00 X 9<\/td>\n<td class=\"Metin_genel\" height=\"22\">\n<div align=\"center\">&#8211;<\/div>\n<\/td>\n<td class=\"Metin_genel\" height=\"22\"><\/td>\n<td class=\"Metin_genel\" height=\"22\">3.15 X 70 &#8211; 15<\/td>\n<td class=\"Metin_genel\" height=\"22\"><\/td>\n<td class=\"Metin_genel\">8.00 X 15<\/td>\n<\/tr>\n<tr>\n<td style=\"background-color: #f2f2f2;\" colspan=\"8\" align=\"middle\">\n<div align=\"center\"><\/div>\n<\/td>\n<\/tr>\n<tr>\n<td class=\"Metin_genel\" height=\"22\">6.50 &#8211; 10<\/td>\n<td class=\"Metin_genel\" height=\"22\"><\/td>\n<td class=\"Metin_genel\" height=\"22\">5.00 X 10<\/td>\n<td class=\"Metin_genel\" height=\"22\">\n<div align=\"center\">&#8211;<\/div>\n<\/td>\n<td class=\"Metin_genel\" height=\"22\"><\/td>\n<td class=\"Metin_genel\" height=\"22\">355 X 65 &#8211; 15<\/td>\n<td class=\"Metin_genel\" height=\"22\"><\/td>\n<td class=\"Metin_genel\">9.75 X 15<\/td>\n<\/tr>\n<tr>\n<td style=\"background-color: #f2f2f2;\" colspan=\"8\" align=\"middle\">\n<div align=\"center\"><\/div>\n<\/td>\n<\/tr>\n<tr>\n<td class=\"Metin_genel\" height=\"22\">23 X 10 &#8211; 12<\/td>\n<td class=\"Metin_genel\" height=\"22\"><\/td>\n<td class=\"Metin_genel\" height=\"22\">6.50 X 10<\/td>\n<td class=\"Metin_genel\" height=\"22\">\n<div align=\"center\">&#8211;<\/div>\n<\/td>\n<td class=\"Metin_genel\" height=\"22\"><\/td>\n<td class=\"Metin_genel\" height=\"22\">10.00 &#8211; 20<\/td>\n<td class=\"Metin_genel\" height=\"22\"><\/td>\n<td class=\"Metin_genel\">7.50 X 20<\/td>\n<\/tr>\n<tr>\n<td style=\"background-color: #f2f2f2;\" colspan=\"8\" align=\"middle\">\n<div align=\"center\"><\/div>\n<\/td>\n<\/tr>\n<tr>\n<td class=\"Metin_genel\" height=\"22\">200\/50-10<\/td>\n<td class=\"Metin_genel\" height=\"22\"><\/td>\n<td class=\"Metin_genel\" height=\"22\">6.50 X 10<\/td>\n<td class=\"Metin_genel\" height=\"22\">\n<div align=\"center\">&#8211;<\/div>\n<\/td>\n<td class=\"Metin_genel\" height=\"22\"><\/td>\n<td class=\"Metin_genel\" height=\"22\">11.00 &#8211; 20<\/td>\n<td class=\"Metin_genel\" height=\"22\"><\/td>\n<td class=\"Metin_genel\">8.00 X 20<\/td>\n<\/tr>\n<tr>\n<td style=\"background-color: #f2f2f2;\" colspan=\"8\" align=\"middle\">\n<div align=\"center\"><\/div>\n<\/td>\n<\/tr>\n<tr>\n<td class=\"Metin_genel\" height=\"22\">7.00 &#8211; 12<\/td>\n<td class=\"Metin_genel\" height=\"22\"><\/td>\n<td class=\"Metin_genel\" height=\"22\">5.00 X 12<\/td>\n<td class=\"Metin_genel\" height=\"22\">\n<div align=\"center\">&#8211;<\/div>\n<\/td>\n<td class=\"Metin_genel\" height=\"22\"><\/td>\n<td class=\"Metin_genel\" height=\"22\">12.00 &#8211; 20<\/td>\n<td class=\"Metin_genel\" height=\"22\"><\/td>\n<td class=\"Metin_genel\">8.50 X 20<\/td>\n<\/tr>\n<tr>\n<td style=\"background-color: #f2f2f2;\" colspan=\"8\" align=\"middle\">\n<div align=\"center\"><\/div>\n<\/td>\n<\/tr>\n<tr>\n<td class=\"Metin_genel\" height=\"22\">23 &#8211; 10 &#8211; 12<\/td>\n<td class=\"Metin_genel\" height=\"22\"><\/td>\n<td class=\"Metin_genel\" height=\"22\">8.00 X 12<\/td>\n<td class=\"Metin_genel\" height=\"22\">\n<div align=\"center\">&#8211;<\/div>\n<\/td>\n<td class=\"Metin_genel\" height=\"22\"><\/td>\n<td class=\"Metin_genel\" height=\"22\">12.00 &#8211; 24<\/td>\n<td class=\"Metin_genel\" height=\"22\"><\/td>\n<td class=\"Metin_genel\">8.50 X 24<\/td>\n<\/tr>\n<tr>\n<td style=\"background-color: #f2f2f2;\" colspan=\"8\" align=\"middle\">\n<div align=\"center\"><\/div>\n<\/td>\n<\/tr>\n<tr>\n<td class=\"Metin_genel\" height=\"22\">27 X 10 &#8211; 12<\/td>\n<td class=\"Metin_genel\" height=\"22\"><\/td>\n<td class=\"Metin_genel\" height=\"22\">8.00 X 12<\/td>\n<td class=\"Metin_genel\" height=\"22\">\n<div align=\"center\">&#8211;<\/div>\n<\/td>\n<td class=\"Metin_genel\" height=\"22\"><\/td>\n<td class=\"Metin_genel\" height=\"22\">14.00 &#8211; 24<\/td>\n<td class=\"Metin_genel\" height=\"22\"><\/td>\n<td class=\"Metin_genel\">10.00 X 24<\/td>\n<\/tr>\n<tr>\n<td style=\"background-color: #f2f2f2;\" colspan=\"8\" align=\"middle\">\n<div align=\"center\"><\/div>\n<\/td>\n<\/tr>\n<tr>\n<td colspan=\"8\" align=\"middle\" height=\"22\">\n<div class=\"Metin_genel translation-block\" align=\"left\">The Forlift Brands Which Use Our Products<\/div>\n<\/td>\n<\/tr>\n<tr>\n<td style=\"background-color: #f2f2f2;\" colspan=\"8\" align=\"middle\">\n<div align=\"center\"><\/div>\n<\/td>\n<\/tr>\n<tr>\n<td class=\"Metin_genel\" colspan=\"8\" align=\"middle\" height=\"22\">\n<div align=\"left\">balkancar, baoli, caterp\u0131llar, crown, climax, clark, ctc, \u00e7ukurova, daewoo, dailan, federal power, heli, hercu, hyster, hyundai, jungherich, komatsu, linde, lancer boss, mitsubishi, nissan, st\u0131ll, samsung, tcm, taylor, toyota, yang, yale<\/div>\n<\/td>\n<\/tr>\n<tr>\n<td style=\"background-color: #f2f2f2;\" colspan=\"8\" align=\"middle\">\n<div align=\"center\"><\/div>\n<\/td>\n<\/tr>\n<\/tbody>\n<\/table>\n<\/td>\n<\/tr>\n<\/tbody>\n<\/table>\n<div>\n<div class=\"fusion-fullwidth fullwidth-box fusion-builder-row-2 fusion-flex-container nonhundred-percent-fullwidth non-hundred-percent-height-scrolling\" style=\"background-color: rgba(255,255,255,0);background-position: center center;background-repeat: no-repeat;border-width: 0px 0px 0px 0px;border-color:#e2e2e2;border-style:solid;\" ><div class=\"fusion-builder-row fusion-row fusion-flex-align-items-flex-start\" style=\"max-width:1248px;margin-left: calc(-4% \/ 2 );margin-right: calc(-4% \/ 2 );\"><div class=\"fusion-layout-column fusion_builder_column fusion-builder-column-1 fusion_builder_column_1_5 1_5 fusion-flex-column\"><div class=\"fusion-column-wrapper fusion-flex-justify-content-flex-start fusion-content-layout-column\" style=\"background-position:left top;background-repeat:no-repeat;-webkit-background-size:cover;-moz-background-size:cover;-o-background-size:cover;background-size:cover;padding: 0px 0px 0px 0px;\"><a id=\"\" class=\"\" title=\"\" href=\"http:\/\/www.teknikjant.com.tr\/wp-content\/uploads\/2020\/10\/as433-linde-400x456.jpg\" data-title=\"\" data-caption=\"\" data-rel=\"iLightbox\"><img decoding=\"async\" src=\"http:\/\/www.teknikjant.com.tr\/wp-content\/uploads\/2020\/10\/as433-linde-1-150x150.jpg\" alt=\"\" \/><\/a><\/div><\/div><style type=\"text\/css\">.fusion-body .fusion-builder-column-1{width:20% !important;margin-top : 0px;margin-bottom : 20px;}.fusion-builder-column-1 > .fusion-column-wrapper {padding-top : 0px !important;padding-right : 0px !important;margin-right : 9.6%;padding-bottom : 0px !important;padding-left : 0px !important;margin-left : 9.6%;}@media only screen and (max-width:1024px) {.fusion-body .fusion-builder-column-1{width:20% !important;order : 0;}.fusion-builder-column-1 > .fusion-column-wrapper {margin-right : 9.6%;margin-left : 9.6%;}}@media only screen and (max-width:640px) {.fusion-body .fusion-builder-column-1{width:100% !important;order : 0;}.fusion-builder-column-1 > .fusion-column-wrapper {margin-right : 1.92%;margin-left : 1.92%;}}<\/style><div class=\"fusion-layout-column fusion_builder_column fusion-builder-column-2 fusion_builder_column_1_5 1_5 fusion-flex-column\"><div class=\"fusion-column-wrapper fusion-flex-justify-content-flex-start fusion-content-layout-column\" style=\"background-position:left top;background-repeat:no-repeat;-webkit-background-size:cover;-moz-background-size:cover;-o-background-size:cover;background-size:cover;padding: 0px 0px 0px 0px;\"><a id=\"\" class=\"\" title=\"\" href=\"http:\/\/www.teknikjant.com.tr\/wp-content\/uploads\/2020\/10\/AS30008S41-AS30008S26-400x456.jpg\" data-title=\"\" data-caption=\"\" data-rel=\"iLightbox\"><img decoding=\"async\" src=\"http:\/\/www.teknikjant.com.tr\/wp-content\/uploads\/2020\/10\/AS30008S41-AS30008S26-1-150x150.jpg\" alt=\"\" \/><\/a><\/div><\/div><style type=\"text\/css\">.fusion-body .fusion-builder-column-2{width:20% !important;margin-top : 0px;margin-bottom : 20px;}.fusion-builder-column-2 > .fusion-column-wrapper {padding-top : 0px !important;padding-right : 0px !important;margin-right : 9.6%;padding-bottom : 0px !important;padding-left : 0px !important;margin-left : 9.6%;}@media only screen and (max-width:1024px) {.fusion-body .fusion-builder-column-2{width:20% !important;order : 0;}.fusion-builder-column-2 > .fusion-column-wrapper {margin-right : 9.6%;margin-left : 9.6%;}}@media only screen and (max-width:640px) {.fusion-body .fusion-builder-column-2{width:100% !important;order : 0;}.fusion-builder-column-2 > .fusion-column-wrapper {margin-right : 1.92%;margin-left : 1.92%;}}<\/style><div class=\"fusion-layout-column fusion_builder_column fusion-builder-column-3 fusion_builder_column_1_5 1_5 fusion-flex-column\"><div class=\"fusion-column-wrapper fusion-flex-justify-content-flex-start fusion-content-layout-column\" style=\"background-position:left top;background-repeat:no-repeat;-webkit-background-size:cover;-moz-background-size:cover;-o-background-size:cover;background-size:cover;padding: 0px 0px 0px 0px;\"><a id=\"\" class=\"\" title=\"\" href=\"http:\/\/www.teknikjant.com.tr\/wp-content\/uploads\/2020\/10\/AS30008S64-400x456.jpg\" data-title=\"\" data-caption=\"\" data-rel=\"iLightbox\"><img decoding=\"async\" src=\"http:\/\/www.teknikjant.com.tr\/wp-content\/uploads\/2020\/10\/AS30008S64-1-150x150.jpg\" alt=\"\" \/><\/a><\/div><\/div><style type=\"text\/css\">.fusion-body .fusion-builder-column-3{width:20% !important;margin-top : 0px;margin-bottom : 20px;}.fusion-builder-column-3 > .fusion-column-wrapper {padding-top : 0px !important;padding-right : 0px !important;margin-right : 9.6%;padding-bottom : 0px !important;padding-left : 0px !important;margin-left : 9.6%;}@media only screen and (max-width:1024px) {.fusion-body .fusion-builder-column-3{width:20% !important;order : 0;}.fusion-builder-column-3 > .fusion-column-wrapper {margin-right : 9.6%;margin-left : 9.6%;}}@media only screen and (max-width:640px) {.fusion-body .fusion-builder-column-3{width:100% !important;order : 0;}.fusion-builder-column-3 > .fusion-column-wrapper {margin-right : 1.92%;margin-left : 1.92%;}}<\/style><div class=\"fusion-layout-column fusion_builder_column fusion-builder-column-4 fusion_builder_column_1_5 1_5 fusion-flex-column\"><div class=\"fusion-column-wrapper fusion-flex-justify-content-flex-start fusion-content-layout-column\" style=\"background-position:left top;background-repeat:no-repeat;-webkit-background-size:cover;-moz-background-size:cover;-o-background-size:cover;background-size:cover;padding: 0px 0px 0px 0px;\"><a id=\"\" class=\"\" title=\"\" href=\"http:\/\/www.teknikjant.com.tr\/wp-content\/uploads\/2020\/10\/AS43308S22-AS43308S15-400x456.jpg\" data-title=\"\" data-caption=\"\" data-rel=\"iLightbox\"><img decoding=\"async\" src=\"http:\/\/www.teknikjant.com.tr\/wp-content\/uploads\/2020\/10\/AS43308S22-AS43308S15-1-150x150.jpg\" alt=\"\" \/><\/a><\/div><\/div><style type=\"text\/css\">.fusion-body .fusion-builder-column-4{width:20% !important;margin-top : 0px;margin-bottom : 20px;}.fusion-builder-column-4 > .fusion-column-wrapper {padding-top : 0px !important;padding-right : 0px !important;margin-right : 9.6%;padding-bottom : 0px !important;padding-left : 0px !important;margin-left : 9.6%;}@media only screen and (max-width:1024px) {.fusion-body .fusion-builder-column-4{width:20% !important;order : 0;}.fusion-builder-column-4 > .fusion-column-wrapper {margin-right : 9.6%;margin-left : 9.6%;}}@media only screen and (max-width:640px) {.fusion-body .fusion-builder-column-4{width:100% !important;order : 0;}.fusion-builder-column-4 > .fusion-column-wrapper {margin-right : 1.92%;margin-left : 1.92%;}}<\/style><div class=\"fusion-layout-column fusion_builder_column fusion-builder-column-5 fusion_builder_column_1_5 1_5 fusion-flex-column\"><div class=\"fusion-column-wrapper fusion-flex-justify-content-flex-start fusion-content-layout-column\" style=\"background-position:left top;background-repeat:no-repeat;-webkit-background-size:cover;-moz-background-size:cover;-o-background-size:cover;background-size:cover;padding: 0px 0px 0px 0px;\"><a id=\"\" class=\"\" title=\"\" href=\"http:\/\/www.teknikjant.com.tr\/wp-content\/uploads\/2020\/10\/AS43308S37-AS43308S108-AS43308S97-AS43308S45-AS43308S58-400x456.jpg\" data-title=\"\" data-caption=\"\" data-rel=\"iLightbox\"><img decoding=\"async\" src=\"http:\/\/www.teknikjant.com.tr\/wp-content\/uploads\/2020\/10\/AS43308S37-AS43308S108-AS43308S97-AS43308S45-AS43308S58-1-150x150.jpg\" alt=\"\" \/><\/a><\/div><\/div><style type=\"text\/css\">.fusion-body .fusion-builder-column-5{width:20% !important;margin-top : 0px;margin-bottom : 20px;}.fusion-builder-column-5 > .fusion-column-wrapper {padding-top : 0px !important;padding-right : 0px !important;margin-right : 9.6%;padding-bottom : 0px !important;padding-left : 0px !important;margin-left : 9.6%;}@media only screen and (max-width:1024px) {.fusion-body .fusion-builder-column-5{width:20% !important;order : 0;}.fusion-builder-column-5 > .fusion-column-wrapper {margin-right : 9.6%;margin-left : 9.6%;}}@media only screen and (max-width:640px) {.fusion-body .fusion-builder-column-5{width:100% !important;order : 0;}.fusion-builder-column-5 > .fusion-column-wrapper {margin-right : 1.92%;margin-left : 1.92%;}}<\/style><\/div><style type=\"text\/css\">.fusion-body .fusion-flex-container.fusion-builder-row-2{ padding-top : 0px;margin-top : 0px;padding-right : 0px;padding-bottom : 0px;margin-bottom : 0px;padding-left : 0px;}<\/style><\/div>\n<\/div>","protected":false},"excerpt":{"rendered":"<p>Jant ve Lastik Ebatlar\u0131 Lastik Ebad\u0131 Jant Ebad\u0131 &#8211; Lastik [&hellip;]<\/p>","protected":false},"author":1,"featured_media":0,"parent":0,"menu_order":0,"comment_status":"closed","ping_status":"closed","template":"","meta":{"footnotes":""},"class_list":["post-67","page","type-page","status-publish","hentry"],"_links":{"self":[{"href":"http:\/\/www.teknikjant.com.tr\/en_us\/wp-json\/wp\/v2\/pages\/67","targetHints":{"allow":["GET"]}}],"collection":[{"href":"http:\/\/www.teknikjant.com.tr\/en_us\/wp-json\/wp\/v2\/pages"}],"about":[{"href":"http:\/\/www.teknikjant.com.tr\/en_us\/wp-json\/wp\/v2\/types\/page"}],"author":[{"embeddable":true,"href":"http:\/\/www.teknikjant.com.tr\/en_us\/wp-json\/wp\/v2\/users\/1"}],"replies":[{"embeddable":true,"href":"http:\/\/www.teknikjant.com.tr\/en_us\/wp-json\/wp\/v2\/comments?post=67"}],"version-history":[{"count":0,"href":"http:\/\/www.teknikjant.com.tr\/en_us\/wp-json\/wp\/v2\/pages\/67\/revisions"}],"wp:attachment":[{"href":"http:\/\/www.teknikjant.com.tr\/en_us\/wp-json\/wp\/v2\/media?parent=67"}],"curies":[{"name":"wp","href":"https:\/\/api.w.org\/{rel}","templated":true}]}}