{"id":32,"date":"2020-10-01T10:38:05","date_gmt":"2020-10-01T10:38:05","guid":{"rendered":"http:\/\/www.teknikjant.com.tr\/?page_id=32"},"modified":"2020-10-01T10:55:20","modified_gmt":"2020-10-01T10:55:20","slug":"faaliyet-alani","status":"publish","type":"page","link":"http:\/\/www.teknikjant.com.tr\/en_us\/faaliyet-alani","title":{"rendered":"Field of Activity"},"content":{"rendered":"<div class=\"fusion-fullwidth fullwidth-box fusion-builder-row-1 fusion-flex-container nonhundred-percent-fullwidth non-hundred-percent-height-scrolling\" style=\"background-color: rgba(255,255,255,0);background-position: center center;background-repeat: no-repeat;border-width: 0px 0px 0px 0px;border-color:#e2e2e2;border-style:solid;\" ><div class=\"fusion-builder-row fusion-row fusion-flex-align-items-flex-start\" style=\"max-width:1248px;margin-left: calc(-4% \/ 2 );margin-right: calc(-4% \/ 2 );\"><div class=\"fusion-layout-column fusion_builder_column fusion-builder-column-0 fusion_builder_column_1_1 1_1 fusion-flex-column\"><div class=\"fusion-column-wrapper fusion-flex-justify-content-flex-start fusion-content-layout-column\" style=\"background-position:left top;background-repeat:no-repeat;-webkit-background-size:cover;-moz-background-size:cover;-o-background-size:cover;background-size:cover;padding: 0px 0px 0px 0px;\"><div class=\"fusion-text fusion-text-1\"><p>Since 1996, we have made improvements in our field of activity in strategy and operations (product development, supply, production, logistics, sales \/ marketing);<\/p>\n<ul>\n<li>Two piece and lock ring rim for forklift and industrial vehicles,<\/li>\n<li>Tubeless rim for agricultural vehicles,<\/li>\n<li>Two pieces and tubeless for military vehicles,<\/li>\n<li>Rims for construction equipments.<\/li>\n<\/ul>\n<p><strong>Company Info<\/strong><\/p>\n<p><strong>Company Name<\/strong><br \/>\nTeknik Jant \u0130thalat \u0130hracat Sanayi Ticaret. Ltd. \u015eti.<\/p>\n<p><strong>Affiliated Chambers and Associations<\/strong><br \/>\nIstanbul Chamber of Commerce, Istanbul Chamber of Industry, Uludag Exporters Association<\/p>\n<p><strong>Year Of Foundation<\/strong><br \/>\n01.01.1996<\/p>\n<p><strong>Adress<\/strong><\/p>\n<p>\u0130kitelli O.S.B Metal-\u0130\u015f San. Sit. Hizmet Binalar\u0131 5B Blok Kat:3 D:4 Ba\u015fak\u015fehir \/ \u0130stanbul<\/p>\n<\/div><\/div><\/div><style type=\"text\/css\">.fusion-body .fusion-builder-column-0{width:100% !important;margin-top : 0px;margin-bottom : 20px;}.fusion-builder-column-0 > .fusion-column-wrapper {padding-top : 0px !important;padding-right : 0px !important;margin-right : 1.92%;padding-bottom : 0px !important;padding-left : 0px !important;margin-left : 1.92%;}@media only screen and (max-width:1024px) {.fusion-body .fusion-builder-column-0{width:100% !important;order : 0;}.fusion-builder-column-0 > .fusion-column-wrapper {margin-right : 1.92%;margin-left : 1.92%;}}@media only screen and (max-width:640px) {.fusion-body .fusion-builder-column-0{width:100% !important;order : 0;}.fusion-builder-column-0 > .fusion-column-wrapper {margin-right : 1.92%;margin-left : 1.92%;}}<\/style><\/div><style type=\"text\/css\">.fusion-body .fusion-flex-container.fusion-builder-row-1{ padding-top : 0px;margin-top : 0px;padding-right : 0px;padding-bottom : 0px;margin-bottom : 0px;padding-left : 0px;}<\/style><\/div>","protected":false},"excerpt":{"rendered":"","protected":false},"author":1,"featured_media":0,"parent":0,"menu_order":0,"comment_status":"closed","ping_status":"closed","template":"","meta":{"footnotes":""},"class_list":["post-32","page","type-page","status-publish","hentry"],"_links":{"self":[{"href":"http:\/\/www.teknikjant.com.tr\/en_us\/wp-json\/wp\/v2\/pages\/32","targetHints":{"allow":["GET"]}}],"collection":[{"href":"http:\/\/www.teknikjant.com.tr\/en_us\/wp-json\/wp\/v2\/pages"}],"about":[{"href":"http:\/\/www.teknikjant.com.tr\/en_us\/wp-json\/wp\/v2\/types\/page"}],"author":[{"embeddable":true,"href":"http:\/\/www.teknikjant.com.tr\/en_us\/wp-json\/wp\/v2\/users\/1"}],"replies":[{"embeddable":true,"href":"http:\/\/www.teknikjant.com.tr\/en_us\/wp-json\/wp\/v2\/comments?post=32"}],"version-history":[{"count":0,"href":"http:\/\/www.teknikjant.com.tr\/en_us\/wp-json\/wp\/v2\/pages\/32\/revisions"}],"wp:attachment":[{"href":"http:\/\/www.teknikjant.com.tr\/en_us\/wp-json\/wp\/v2\/media?parent=32"}],"curies":[{"name":"wp","href":"https:\/\/api.w.org\/{rel}","templated":true}]}}