{"id":23,"date":"2020-10-01T09:20:36","date_gmt":"2020-10-01T09:20:36","guid":{"rendered":"http:\/\/www.teknikjant.com.tr\/?page_id=23"},"modified":"2020-10-01T09:33:57","modified_gmt":"2020-10-01T09:33:57","slug":"profil","status":"publish","type":"page","link":"http:\/\/www.teknikjant.com.tr\/en_us\/profil","title":{"rendered":"Profile"},"content":{"rendered":"<div class=\"fusion-fullwidth fullwidth-box fusion-builder-row-1 fusion-flex-container nonhundred-percent-fullwidth non-hundred-percent-height-scrolling\" style=\"background-color: rgba(255,255,255,0);background-position: center center;background-repeat: no-repeat;border-width: 0px 0px 0px 0px;border-color:#e2e2e2;border-style:solid;\" ><div class=\"fusion-builder-row fusion-row fusion-flex-align-items-flex-start\" style=\"max-width:1248px;margin-left: calc(-4% \/ 2 );margin-right: calc(-4% \/ 2 );\"><div class=\"fusion-layout-column fusion_builder_column fusion-builder-column-0 fusion_builder_column_1_1 1_1 fusion-flex-column\"><div class=\"fusion-column-wrapper fusion-flex-justify-content-flex-start fusion-content-layout-column\" style=\"background-position:left top;background-repeat:no-repeat;-webkit-background-size:cover;-moz-background-size:cover;-o-background-size:cover;background-size:cover;padding: 0px 0px 0px 0px;\"><div class=\"fusion-text fusion-text-1\"><p>Firmam\u0131z; 1980 y\u0131l\u0131nda, Teknik jant ad\u0131 ile Sirkeci&#8217; de faaliyetine ba\u015flam\u0131\u015ft\u0131r. 1983 y\u0131l\u0131nda Topkap\u0131&#8217;ya ta\u015f\u0131nm\u0131\u015f ve daha sonra 1996 y\u0131l\u0131nda Teknik Jant \u0130thalat \u0130hracat Sanayi ve Ticaret Limited \u015eirketi \u00fcnvan\u0131n\u0131 alarak, kurumsalla\u015fma yolunda ilk ad\u0131m\u0131n\u0131 atm\u0131\u015ft\u0131r.<\/p>\n<p>As from 2001, it maintained its name to be known in the domestic and international markets developing both its products and customer portfolio in its middle scale workshop in Ikitelli Industrial Zone.<\/p>\n<p>By the 1st of September 2006 it is operating with 3 new production lines in order to adapt itself to developing rim sector and meet the customer demands in the most economical way, producing according to ISO 9001:2000 International quality terms.<\/p>\n<p>Bahattin TOPAY (General Manager)<\/p>\n<\/div><\/div><\/div><style type=\"text\/css\">.fusion-body .fusion-builder-column-0{width:100% !important;margin-top : 0px;margin-bottom : 20px;}.fusion-builder-column-0 > .fusion-column-wrapper {padding-top : 0px !important;padding-right : 0px !important;margin-right : 1.92%;padding-bottom : 0px !important;padding-left : 0px !important;margin-left : 1.92%;}@media only screen and (max-width:1024px) {.fusion-body .fusion-builder-column-0{width:100% !important;order : 0;}.fusion-builder-column-0 > .fusion-column-wrapper {margin-right : 1.92%;margin-left : 1.92%;}}@media only screen and (max-width:640px) {.fusion-body .fusion-builder-column-0{width:100% !important;order : 0;}.fusion-builder-column-0 > .fusion-column-wrapper {margin-right : 1.92%;margin-left : 1.92%;}}<\/style><\/div><style type=\"text\/css\">.fusion-body .fusion-flex-container.fusion-builder-row-1{ padding-top : 0px;margin-top : 0px;padding-right : 0px;padding-bottom : 0px;margin-bottom : 0px;padding-left : 0px;}<\/style><\/div>","protected":false},"excerpt":{"rendered":"","protected":false},"author":1,"featured_media":0,"parent":0,"menu_order":0,"comment_status":"closed","ping_status":"closed","template":"","meta":{"footnotes":""},"class_list":["post-23","page","type-page","status-publish","hentry"],"_links":{"self":[{"href":"http:\/\/www.teknikjant.com.tr\/en_us\/wp-json\/wp\/v2\/pages\/23","targetHints":{"allow":["GET"]}}],"collection":[{"href":"http:\/\/www.teknikjant.com.tr\/en_us\/wp-json\/wp\/v2\/pages"}],"about":[{"href":"http:\/\/www.teknikjant.com.tr\/en_us\/wp-json\/wp\/v2\/types\/page"}],"author":[{"embeddable":true,"href":"http:\/\/www.teknikjant.com.tr\/en_us\/wp-json\/wp\/v2\/users\/1"}],"replies":[{"embeddable":true,"href":"http:\/\/www.teknikjant.com.tr\/en_us\/wp-json\/wp\/v2\/comments?post=23"}],"version-history":[{"count":0,"href":"http:\/\/www.teknikjant.com.tr\/en_us\/wp-json\/wp\/v2\/pages\/23\/revisions"}],"wp:attachment":[{"href":"http:\/\/www.teknikjant.com.tr\/en_us\/wp-json\/wp\/v2\/media?parent=23"}],"curies":[{"name":"wp","href":"https:\/\/api.w.org\/{rel}","templated":true}]}}